{"id":1272,"date":"2025-05-23T15:29:08","date_gmt":"2025-05-23T19:29:08","guid":{"rendered":"https:\/\/gmfwakefield.ca\/?page_id=1272"},"modified":"2025-09-01T09:31:48","modified_gmt":"2025-09-01T13:31:48","slug":"se-joindre-a-notre-equipe","status":"publish","type":"page","link":"https:\/\/gmfwakefield.ca\/fr\/se-joindre-a-notre-equipe\/","title":{"rendered":"Se joindre a notre equipe"},"content":{"rendered":"\t\t<div data-elementor-type=\"wp-page\" data-elementor-id=\"1272\" class=\"elementor elementor-1272\">\n\t\t\t\t<div class=\"elementor-element elementor-element-8b4a5be e-flex e-con-boxed e-con e-parent\" data-id=\"8b4a5be\" data-element_type=\"container\" data-e-type=\"container\" data-settings=\"{&quot;background_background&quot;:&quot;classic&quot;}\">\n\t\t\t\t\t<div class=\"e-con-inner\">\n\t\t<div class=\"elementor-element elementor-element-c54c82a e-con-full e-flex e-con e-child\" data-id=\"c54c82a\" data-element_type=\"container\" data-e-type=\"container\">\n\t\t\t\t<div class=\"elementor-element elementor-element-7a0ff46 elementor-widget__width-initial elementor-widget elementor-widget-heading\" data-id=\"7a0ff46\" data-element_type=\"widget\" data-e-type=\"widget\" data-widget_type=\"heading.default\">\n\t\t\t\t<div class=\"elementor-widget-container\">\n\t\t\t\t\t<h1 class=\"elementor-heading-title elementor-size-default\">Le Centre de m\u00e9decine familiale de Wakefield\u200b<\/h1>\t\t\t\t<\/div>\n\t\t\t\t<\/div>\n\t\t\t\t<\/div>\n\t\t\t\t\t<\/div>\n\t\t\t\t<\/div>\n\t\t<div class=\"elementor-element elementor-element-9a830e6 e-flex e-con-boxed e-con e-parent\" data-id=\"9a830e6\" data-element_type=\"container\" data-e-type=\"container\">\n\t\t\t\t\t<div class=\"e-con-inner\">\n\t\t\t\t<div class=\"elementor-element elementor-element-15487ba elementor-widget elementor-widget-image\" data-id=\"15487ba\" data-element_type=\"widget\" data-e-type=\"widget\" data-widget_type=\"image.default\">\n\t\t\t\t<div class=\"elementor-widget-container\">\n\t\t\t\t\t\t\t\t\t\t\t\t\t\t\t<img decoding=\"async\" src=\"https:\/\/gmfwakefield.ca\/wp-content\/uploads\/elementor\/thumbs\/photo-groupe-ra5k3y9pam13xpnopblb2w1844bu4kgj7msdtoca6g.jpg\" title=\"photo groupe\" alt=\"photo groupe\" loading=\"lazy\" \/>\t\t\t\t\t\t\t\t\t\t\t\t\t\t\t<\/div>\n\t\t\t\t<\/div>\n\t\t\t\t\t<\/div>\n\t\t\t\t<\/div>\n\t\t<div class=\"elementor-element elementor-element-65acde6 e-con-full e-flex e-con e-parent\" data-id=\"65acde6\" data-element_type=\"container\" data-e-type=\"container\">\n\t\t\t\t<div class=\"elementor-element elementor-element-d302ae9 elementor-widget elementor-widget-wpforms\" data-id=\"d302ae9\" data-element_type=\"widget\" data-e-type=\"widget\" data-widget_type=\"wpforms.default\">\n\t\t\t\t<div class=\"elementor-widget-container\">\n\t\t\t\t\t<div class=\"wpforms-container \" id=\"wpforms-1337\"><form id=\"wpforms-form-1337\" class=\"wpforms-validate wpforms-form wpforms-ajax-form\" data-formid=\"1337\" method=\"post\" enctype=\"multipart\/form-data\" action=\"\/fr\/wp-json\/wp\/v2\/pages\/1272\" data-token=\"ad23a5055209f59cc2b4c475f75e8565\" data-token-time=\"1778344832\"><div class=\"wpforms-head-container\"><div class=\"wpforms-title\">Rejoignez notre \u00e9quipe<\/div><div class=\"wpforms-description\">Si vous avez envie de rejoindre notre \u00e9quipe, envoyez-nous vos coordonn\u00e9es ou \u00e9crivez-nous \u00e0 info@gmfwakefield.com<\/div><\/div><noscript class=\"wpforms-error-noscript\">Please enable JavaScript in your browser to complete this form.<\/noscript><div class=\"wpforms-field-container\">\t\t<div id=\"wpforms-1337-field_3-container\"\n\t\t\tclass=\"wpforms-field wpforms-field-text\"\n\t\t\tdata-field-type=\"text\"\n\t\t\tdata-field-id=\"3\"\n\t\t\t>\n\t\t\t<label class=\"wpforms-field-label\" for=\"wpforms-1337-field_3\" >de Nom t\u00e9l\u00e9phone<\/label>\n\t\t\t<input type=\"text\" id=\"wpforms-1337-field_3\" class=\"wpforms-field-medium\" name=\"wpforms[fields][3]\" >\n\t\t<\/div>\n\t\t<div id=\"wpforms-1337-field_1-container\" class=\"wpforms-field wpforms-field-name\" data-field-id=\"1\"><label class=\"wpforms-field-label\" for=\"wpforms-1337-field_1\">Nom <span class=\"wpforms-required-label\">*<\/span><\/label><div class=\"wpforms-field-row wpforms-field-medium\"><div class=\"wpforms-field-row-block wpforms-first wpforms-one-half\"><input type=\"text\" id=\"wpforms-1337-field_1\" class=\"wpforms-field-name-first wpforms-field-required\" name=\"wpforms[fields][1][first]\" placeholder=\"Pr\u00e9nom\" required><label for=\"wpforms-1337-field_1\" class=\"wpforms-field-sublabel after wpforms-sublabel-hide\">First<\/label><\/div><div class=\"wpforms-field-row-block wpforms-one-half\"><input type=\"text\" id=\"wpforms-1337-field_1-last\" class=\"wpforms-field-name-last wpforms-field-required\" name=\"wpforms[fields][1][last]\" placeholder=\"Nom\" required><label for=\"wpforms-1337-field_1-last\" class=\"wpforms-field-sublabel after wpforms-sublabel-hide\">Last<\/label><\/div><\/div><\/div><div id=\"wpforms-1337-field_2-container\" class=\"wpforms-field wpforms-field-email\" data-field-id=\"2\"><label class=\"wpforms-field-label\" for=\"wpforms-1337-field_2\">Courriel <span class=\"wpforms-required-label\">*<\/span><\/label><div class=\"wpforms-field-row wpforms-field-medium\"><div class=\"wpforms-field-row-block wpforms-one-half wpforms-first\"><input type=\"email\" id=\"wpforms-1337-field_2\" class=\"wpforms-field-required wpforms-field-email-primary\" name=\"wpforms[fields][2][primary]\" placeholder=\"Courriel\" spellcheck=\"false\" required><label for=\"wpforms-1337-field_2\" class=\"wpforms-field-sublabel after wpforms-sublabel-hide\">Email<\/label><\/div><div class=\"wpforms-field-row-block wpforms-one-half\"><input type=\"email\" id=\"wpforms-1337-field_2-secondary\" class=\"wpforms-field-email-secondary wpforms-field-required\" data-rule-confirm=\"#wpforms-1337-field_2\" name=\"wpforms[fields][2][secondary]\" placeholder=\"Confirmer le courriel\" spellcheck=\"false\" required><label for=\"wpforms-1337-field_2-secondary\" class=\"wpforms-field-sublabel after wpforms-sublabel-hide\">Confirm Email<\/label><\/div><\/div><\/div><div id=\"wpforms-1337-field_4-container\" class=\"wpforms-field wpforms-field-text\" data-field-id=\"4\"><label class=\"wpforms-field-label\" for=\"wpforms-1337-field_4\">Num\u00e9ro de t\u00e9l\u00e9phone <span class=\"wpforms-required-label\">*<\/span><\/label><input type=\"text\" id=\"wpforms-1337-field_4\" class=\"wpforms-field-medium wpforms-field-required\" name=\"wpforms[fields][4]\" required><\/div><div id=\"wpforms-1337-field_5-container\" class=\"wpforms-field wpforms-field-textarea\" data-field-id=\"5\"><label class=\"wpforms-field-label\" for=\"wpforms-1337-field_5\">Parlez-nous de vous <span class=\"wpforms-required-label\">*<\/span><\/label><textarea id=\"wpforms-1337-field_5\" class=\"wpforms-field-medium wpforms-field-required\" name=\"wpforms[fields][5]\" required><\/textarea><\/div><script>\n\t\t\t\t( function() {\n\t\t\t\t\tconst style = document.createElement( 'style' );\n\t\t\t\t\tstyle.appendChild( document.createTextNode( '#wpforms-1337-field_3-container { position: absolute !important; overflow: hidden !important; display: inline !important; height: 1px !important; width: 1px !important; z-index: -1000 !important; padding: 0 !important; } #wpforms-1337-field_3-container input { visibility: hidden; } #wpforms-conversational-form-page #wpforms-1337-field_3-container label { counter-increment: none; }' ) );\n\t\t\t\t\tdocument.head.appendChild( style );\n\t\t\t\t\tdocument.currentScript?.remove();\n\t\t\t\t} )();\n\t\t\t<\/script><\/div><!-- .wpforms-field-container --><div class=\"wpforms-submit-container\" ><input type=\"hidden\" name=\"wpforms[id]\" value=\"1337\"><input type=\"hidden\" name=\"page_title\" value=\"\"><input type=\"hidden\" name=\"page_url\" value=\"https:\/\/gmfwakefield.ca\/fr\/wp-json\/wp\/v2\/pages\/1272\"><input type=\"hidden\" name=\"url_referer\" value=\"\"><button type=\"submit\" name=\"wpforms[submit]\" id=\"wpforms-submit-1337\" class=\"wpforms-submit\" data-alt-text=\"Envoi en cours\u2026\" data-submit-text=\"Soumettre\" aria-live=\"assertive\" value=\"wpforms-submit\">Soumettre<\/button><img decoding=\"async\" src=\"https:\/\/gmfwakefield.ca\/wp-content\/plugins\/wpforms-lite\/assets\/images\/submit-spin.svg\" class=\"wpforms-submit-spinner\" style=\"display: none;\" width=\"26\" height=\"26\" alt=\"Loading\"><\/div><\/form><\/div>  <!-- .wpforms-container -->\t\t\t\t<\/div>\n\t\t\t\t<\/div>\n\t\t\t\t<\/div>\n\t\t\t\t<\/div>\n\t\t","protected":false},"excerpt":{"rendered":"<p>Le Centre de m\u00e9decine familiale de Wakefield\u200b Rejoignez notre \u00e9quipeSi vous avez envie de rejoindre notre \u00e9quipe, envoyez-nous vos coordonn\u00e9es ou \u00e9crivez-nous \u00e0 info@gmfwakefield.comPlease enable JavaScript in your browser to complete this form.Nom *FirstLastCourriel *EmailConfirm EmailNum\u00e9ro de t\u00e9l\u00e9phone *Parlez-nous de vous * Soumettre<\/p>\n","protected":false},"author":1,"featured_media":0,"parent":0,"menu_order":0,"comment_status":"closed","ping_status":"closed","template":"","meta":{"site-sidebar-layout":"no-sidebar","site-content-layout":"page-builder","ast-site-content-layout":"full-width-container","site-content-style":"unboxed","site-sidebar-style":"unboxed","ast-global-header-display":"","ast-banner-title-visibility":"","ast-main-header-display":"","ast-hfb-above-header-display":"","ast-hfb-below-header-display":"","ast-hfb-mobile-header-display":"","site-post-title":"","ast-breadcrumbs-content":"","ast-featured-img":"disabled","footer-sml-layout":"","ast-disable-related-posts":"","theme-transparent-header-meta":"","adv-header-id-meta":"","stick-header-meta":"","header-above-stick-meta":"","header-main-stick-meta":"","header-below-stick-meta":"","astra-migrate-meta-layouts":"set","ast-page-background-enabled":"default","ast-page-background-meta":{"desktop":{"background-color":"","background-image":"","background-repeat":"repeat","background-position":"center center","background-size":"auto","background-attachment":"scroll","background-type":"","background-media":"","overlay-type":"","overlay-color":"","overlay-opacity":"","overlay-gradient":""},"tablet":{"background-color":"","background-image":"","background-repeat":"repeat","background-position":"center center","background-size":"auto","background-attachment":"scroll","background-type":"","background-media":"","overlay-type":"","overlay-color":"","overlay-opacity":"","overlay-gradient":""},"mobile":{"background-color":"","background-image":"","background-repeat":"repeat","background-position":"center center","background-size":"auto","background-attachment":"scroll","background-type":"","background-media":"","overlay-type":"","overlay-color":"","overlay-opacity":"","overlay-gradient":""}},"ast-content-background-meta":{"desktop":{"background-color":"var(--ast-global-color-5)","background-image":"","background-repeat":"repeat","background-position":"center center","background-size":"auto","background-attachment":"scroll","background-type":"","background-media":"","overlay-type":"","overlay-color":"","overlay-opacity":"","overlay-gradient":""},"tablet":{"background-color":"var(--ast-global-color-5)","background-image":"","background-repeat":"repeat","background-position":"center center","background-size":"auto","background-attachment":"scroll","background-type":"","background-media":"","overlay-type":"","overlay-color":"","overlay-opacity":"","overlay-gradient":""},"mobile":{"background-color":"var(--ast-global-color-5)","background-image":"","background-repeat":"repeat","background-position":"center center","background-size":"auto","background-attachment":"scroll","background-type":"","background-media":"","overlay-type":"","overlay-color":"","overlay-opacity":"","overlay-gradient":""}},"footnotes":""},"class_list":["post-1272","page","type-page","status-publish","hentry"],"yoast_head":"<!-- This site is optimized with the Yoast SEO plugin v27.5 - https:\/\/yoast.com\/product\/yoast-seo-wordpress\/ -->\n<title>Se joindre a notre equipe - gmfwakefield.ca<\/title>\n<meta name=\"description\" content=\"Vous \u00eates m\u00e9decin \u00e0 la recherche d\u2019une pratique \u00e9quilibr\u00e9e entre vie professionnelle et personnelle? Rejoignez notre clinique et profitez d\u2019un milieu chaleureux et collaboratif.\" \/>\n<meta name=\"robots\" content=\"index, follow, max-snippet:-1, max-image-preview:large, max-video-preview:-1\" \/>\n<link rel=\"canonical\" href=\"https:\/\/gmfwakefield.ca\/fr\/se-joindre-a-notre-equipe\/\" \/>\n<meta property=\"og:locale\" content=\"fr_CA\" \/>\n<meta property=\"og:type\" content=\"article\" \/>\n<meta property=\"og:title\" content=\"Se joindre a notre equipe - gmfwakefield.ca\" \/>\n<meta property=\"og:description\" content=\"Vous \u00eates m\u00e9decin \u00e0 la recherche d\u2019une pratique \u00e9quilibr\u00e9e entre vie professionnelle et personnelle? Rejoignez notre clinique et profitez d\u2019un milieu chaleureux et collaboratif.\" \/>\n<meta property=\"og:url\" content=\"https:\/\/gmfwakefield.ca\/fr\/se-joindre-a-notre-equipe\/\" \/>\n<meta property=\"og:site_name\" content=\"gmfwakefield.ca\" \/>\n<meta property=\"article:publisher\" content=\"https:\/\/www.facebook.com\/profile.php?id=61572098099863\" \/>\n<meta property=\"article:modified_time\" content=\"2025-09-01T13:31:48+00:00\" \/>\n<meta property=\"og:image\" content=\"https:\/\/gmfwakefield.ca\/wp-content\/uploads\/elementor\/thumbs\/photo-groupe-ra5k3y9pam13xpnopblb2w1844bu4kgj7msdtoca6g.jpg\" \/>\n<meta name=\"twitter:card\" content=\"summary_large_image\" \/>\n<meta name=\"twitter:label1\" content=\"Estimation du temps de lecture\" \/>\n\t<meta name=\"twitter:data1\" content=\"1 minute\" \/>\n<script type=\"application\/ld+json\" class=\"yoast-schema-graph\">{\"@context\":\"https:\\\/\\\/schema.org\",\"@graph\":[{\"@type\":\"WebPage\",\"@id\":\"https:\\\/\\\/gmfwakefield.ca\\\/en\\\/se-joindre-a-notre-equipe\\\/\",\"url\":\"https:\\\/\\\/gmfwakefield.ca\\\/en\\\/se-joindre-a-notre-equipe\\\/\",\"name\":\"Se joindre a notre equipe - gmfwakefield.ca\",\"isPartOf\":{\"@id\":\"https:\\\/\\\/gmfwakefield.ca\\\/fr\\\/#website\"},\"primaryImageOfPage\":{\"@id\":\"https:\\\/\\\/gmfwakefield.ca\\\/en\\\/se-joindre-a-notre-equipe\\\/#primaryimage\"},\"image\":{\"@id\":\"https:\\\/\\\/gmfwakefield.ca\\\/en\\\/se-joindre-a-notre-equipe\\\/#primaryimage\"},\"thumbnailUrl\":\"https:\\\/\\\/gmfwakefield.ca\\\/wp-content\\\/uploads\\\/elementor\\\/thumbs\\\/photo-groupe-ra5k3y9pam13xpnopblb2w1844bu4kgj7msdtoca6g.jpg\",\"datePublished\":\"2025-05-23T19:29:08+00:00\",\"dateModified\":\"2025-09-01T13:31:48+00:00\",\"description\":\"Vous \u00eates m\u00e9decin \u00e0 la recherche d\u2019une pratique \u00e9quilibr\u00e9e entre vie professionnelle et personnelle? Rejoignez notre clinique et profitez d\u2019un milieu chaleureux et collaboratif.\",\"breadcrumb\":{\"@id\":\"https:\\\/\\\/gmfwakefield.ca\\\/en\\\/se-joindre-a-notre-equipe\\\/#breadcrumb\"},\"inLanguage\":\"fr-CA\",\"potentialAction\":[{\"@type\":\"ReadAction\",\"target\":[\"https:\\\/\\\/gmfwakefield.ca\\\/en\\\/se-joindre-a-notre-equipe\\\/\"]}]},{\"@type\":\"ImageObject\",\"inLanguage\":\"fr-CA\",\"@id\":\"https:\\\/\\\/gmfwakefield.ca\\\/en\\\/se-joindre-a-notre-equipe\\\/#primaryimage\",\"url\":\"https:\\\/\\\/gmfwakefield.ca\\\/wp-content\\\/uploads\\\/elementor\\\/thumbs\\\/photo-groupe-ra5k3y9pam13xpnopblb2w1844bu4kgj7msdtoca6g.jpg\",\"contentUrl\":\"https:\\\/\\\/gmfwakefield.ca\\\/wp-content\\\/uploads\\\/elementor\\\/thumbs\\\/photo-groupe-ra5k3y9pam13xpnopblb2w1844bu4kgj7msdtoca6g.jpg\"},{\"@type\":\"BreadcrumbList\",\"@id\":\"https:\\\/\\\/gmfwakefield.ca\\\/en\\\/se-joindre-a-notre-equipe\\\/#breadcrumb\",\"itemListElement\":[{\"@type\":\"ListItem\",\"position\":1,\"name\":\"Accueil\",\"item\":\"https:\\\/\\\/gmfwakefield.ca\\\/\"},{\"@type\":\"ListItem\",\"position\":2,\"name\":\"Se joindre a notre equipe\"}]},{\"@type\":\"WebSite\",\"@id\":\"https:\\\/\\\/gmfwakefield.ca\\\/fr\\\/#website\",\"url\":\"https:\\\/\\\/gmfwakefield.ca\\\/fr\\\/\",\"name\":\"gmfwakefield.ca\",\"description\":\"GMF de wakefield\",\"publisher\":{\"@id\":\"https:\\\/\\\/gmfwakefield.ca\\\/fr\\\/#organization\"},\"potentialAction\":[{\"@type\":\"SearchAction\",\"target\":{\"@type\":\"EntryPoint\",\"urlTemplate\":\"https:\\\/\\\/gmfwakefield.ca\\\/fr\\\/?s={search_term_string}\"},\"query-input\":{\"@type\":\"PropertyValueSpecification\",\"valueRequired\":true,\"valueName\":\"search_term_string\"}}],\"inLanguage\":\"fr-CA\"},{\"@type\":\"Organization\",\"@id\":\"https:\\\/\\\/gmfwakefield.ca\\\/fr\\\/#organization\",\"name\":\"gmfwakefield.ca\",\"url\":\"https:\\\/\\\/gmfwakefield.ca\\\/fr\\\/\",\"logo\":{\"@type\":\"ImageObject\",\"inLanguage\":\"fr-CA\",\"@id\":\"https:\\\/\\\/gmfwakefield.ca\\\/fr\\\/#\\\/schema\\\/logo\\\/image\\\/\",\"url\":\"https:\\\/\\\/gmfwakefield.ca\\\/wp-content\\\/uploads\\\/2025\\\/05\\\/Logo1.png\",\"contentUrl\":\"https:\\\/\\\/gmfwakefield.ca\\\/wp-content\\\/uploads\\\/2025\\\/05\\\/Logo1.png\",\"width\":1024,\"height\":1024,\"caption\":\"gmfwakefield.ca\"},\"image\":{\"@id\":\"https:\\\/\\\/gmfwakefield.ca\\\/fr\\\/#\\\/schema\\\/logo\\\/image\\\/\"},\"sameAs\":[\"https:\\\/\\\/www.facebook.com\\\/profile.php?id=61572098099863\"]}]}<\/script>\n<!-- \/ Yoast SEO plugin. -->","yoast_head_json":{"title":"Se joindre a notre equipe - gmfwakefield.ca","description":"Vous \u00eates m\u00e9decin \u00e0 la recherche d\u2019une pratique \u00e9quilibr\u00e9e entre vie professionnelle et personnelle? Rejoignez notre clinique et profitez d\u2019un milieu chaleureux et collaboratif.","robots":{"index":"index","follow":"follow","max-snippet":"max-snippet:-1","max-image-preview":"max-image-preview:large","max-video-preview":"max-video-preview:-1"},"canonical":"https:\/\/gmfwakefield.ca\/fr\/se-joindre-a-notre-equipe\/","og_locale":"fr_CA","og_type":"article","og_title":"Se joindre a notre equipe - gmfwakefield.ca","og_description":"Vous \u00eates m\u00e9decin \u00e0 la recherche d\u2019une pratique \u00e9quilibr\u00e9e entre vie professionnelle et personnelle? Rejoignez notre clinique et profitez d\u2019un milieu chaleureux et collaboratif.","og_url":"https:\/\/gmfwakefield.ca\/fr\/se-joindre-a-notre-equipe\/","og_site_name":"gmfwakefield.ca","article_publisher":"https:\/\/www.facebook.com\/profile.php?id=61572098099863","article_modified_time":"2025-09-01T13:31:48+00:00","og_image":[{"url":"https:\/\/gmfwakefield.ca\/wp-content\/uploads\/elementor\/thumbs\/photo-groupe-ra5k3y9pam13xpnopblb2w1844bu4kgj7msdtoca6g.jpg","type":"","width":"","height":""}],"twitter_card":"summary_large_image","twitter_misc":{"Estimation du temps de lecture":"1 minute"},"schema":{"@context":"https:\/\/schema.org","@graph":[{"@type":"WebPage","@id":"https:\/\/gmfwakefield.ca\/en\/se-joindre-a-notre-equipe\/","url":"https:\/\/gmfwakefield.ca\/en\/se-joindre-a-notre-equipe\/","name":"Se joindre a notre equipe - gmfwakefield.ca","isPartOf":{"@id":"https:\/\/gmfwakefield.ca\/fr\/#website"},"primaryImageOfPage":{"@id":"https:\/\/gmfwakefield.ca\/en\/se-joindre-a-notre-equipe\/#primaryimage"},"image":{"@id":"https:\/\/gmfwakefield.ca\/en\/se-joindre-a-notre-equipe\/#primaryimage"},"thumbnailUrl":"https:\/\/gmfwakefield.ca\/wp-content\/uploads\/elementor\/thumbs\/photo-groupe-ra5k3y9pam13xpnopblb2w1844bu4kgj7msdtoca6g.jpg","datePublished":"2025-05-23T19:29:08+00:00","dateModified":"2025-09-01T13:31:48+00:00","description":"Vous \u00eates m\u00e9decin \u00e0 la recherche d\u2019une pratique \u00e9quilibr\u00e9e entre vie professionnelle et personnelle? Rejoignez notre clinique et profitez d\u2019un milieu chaleureux et collaboratif.","breadcrumb":{"@id":"https:\/\/gmfwakefield.ca\/en\/se-joindre-a-notre-equipe\/#breadcrumb"},"inLanguage":"fr-CA","potentialAction":[{"@type":"ReadAction","target":["https:\/\/gmfwakefield.ca\/en\/se-joindre-a-notre-equipe\/"]}]},{"@type":"ImageObject","inLanguage":"fr-CA","@id":"https:\/\/gmfwakefield.ca\/en\/se-joindre-a-notre-equipe\/#primaryimage","url":"https:\/\/gmfwakefield.ca\/wp-content\/uploads\/elementor\/thumbs\/photo-groupe-ra5k3y9pam13xpnopblb2w1844bu4kgj7msdtoca6g.jpg","contentUrl":"https:\/\/gmfwakefield.ca\/wp-content\/uploads\/elementor\/thumbs\/photo-groupe-ra5k3y9pam13xpnopblb2w1844bu4kgj7msdtoca6g.jpg"},{"@type":"BreadcrumbList","@id":"https:\/\/gmfwakefield.ca\/en\/se-joindre-a-notre-equipe\/#breadcrumb","itemListElement":[{"@type":"ListItem","position":1,"name":"Accueil","item":"https:\/\/gmfwakefield.ca\/"},{"@type":"ListItem","position":2,"name":"Se joindre a notre equipe"}]},{"@type":"WebSite","@id":"https:\/\/gmfwakefield.ca\/fr\/#website","url":"https:\/\/gmfwakefield.ca\/fr\/","name":"gmfwakefield.ca","description":"GMF de wakefield","publisher":{"@id":"https:\/\/gmfwakefield.ca\/fr\/#organization"},"potentialAction":[{"@type":"SearchAction","target":{"@type":"EntryPoint","urlTemplate":"https:\/\/gmfwakefield.ca\/fr\/?s={search_term_string}"},"query-input":{"@type":"PropertyValueSpecification","valueRequired":true,"valueName":"search_term_string"}}],"inLanguage":"fr-CA"},{"@type":"Organization","@id":"https:\/\/gmfwakefield.ca\/fr\/#organization","name":"gmfwakefield.ca","url":"https:\/\/gmfwakefield.ca\/fr\/","logo":{"@type":"ImageObject","inLanguage":"fr-CA","@id":"https:\/\/gmfwakefield.ca\/fr\/#\/schema\/logo\/image\/","url":"https:\/\/gmfwakefield.ca\/wp-content\/uploads\/2025\/05\/Logo1.png","contentUrl":"https:\/\/gmfwakefield.ca\/wp-content\/uploads\/2025\/05\/Logo1.png","width":1024,"height":1024,"caption":"gmfwakefield.ca"},"image":{"@id":"https:\/\/gmfwakefield.ca\/fr\/#\/schema\/logo\/image\/"},"sameAs":["https:\/\/www.facebook.com\/profile.php?id=61572098099863"]}]}},"_links":{"self":[{"href":"https:\/\/gmfwakefield.ca\/fr\/wp-json\/wp\/v2\/pages\/1272","targetHints":{"allow":["GET"]}}],"collection":[{"href":"https:\/\/gmfwakefield.ca\/fr\/wp-json\/wp\/v2\/pages"}],"about":[{"href":"https:\/\/gmfwakefield.ca\/fr\/wp-json\/wp\/v2\/types\/page"}],"author":[{"embeddable":true,"href":"https:\/\/gmfwakefield.ca\/fr\/wp-json\/wp\/v2\/users\/1"}],"replies":[{"embeddable":true,"href":"https:\/\/gmfwakefield.ca\/fr\/wp-json\/wp\/v2\/comments?post=1272"}],"version-history":[{"count":36,"href":"https:\/\/gmfwakefield.ca\/fr\/wp-json\/wp\/v2\/pages\/1272\/revisions"}],"predecessor-version":[{"id":1587,"href":"https:\/\/gmfwakefield.ca\/fr\/wp-json\/wp\/v2\/pages\/1272\/revisions\/1587"}],"wp:attachment":[{"href":"https:\/\/gmfwakefield.ca\/fr\/wp-json\/wp\/v2\/media?parent=1272"}],"curies":[{"name":"wp","href":"https:\/\/api.w.org\/{rel}","templated":true}]}}