{"id":1275,"date":"2025-05-23T15:39:30","date_gmt":"2025-05-23T19:39:30","guid":{"rendered":"https:\/\/gmfwakefield.ca\/?page_id=1275"},"modified":"2025-09-01T09:30:41","modified_gmt":"2025-09-01T13:30:41","slug":"histoire","status":"publish","type":"page","link":"https:\/\/gmfwakefield.ca\/fr\/histoire\/","title":{"rendered":"Histoire"},"content":{"rendered":"\t\t<div data-elementor-type=\"wp-page\" data-elementor-id=\"1275\" class=\"elementor elementor-1275\">\n\t\t\t\t<div class=\"elementor-element elementor-element-c7f7b73 e-flex e-con-boxed e-con e-parent\" data-id=\"c7f7b73\" data-element_type=\"container\" data-e-type=\"container\" data-settings=\"{&quot;background_background&quot;:&quot;classic&quot;}\">\n\t\t\t\t\t<div class=\"e-con-inner\">\n\t\t<div class=\"elementor-element elementor-element-ead6f0a e-con-full e-flex e-con e-child\" data-id=\"ead6f0a\" data-element_type=\"container\" data-e-type=\"container\">\n\t\t\t\t<div class=\"elementor-element elementor-element-6829ce8 elementor-widget__width-initial elementor-widget elementor-widget-heading\" data-id=\"6829ce8\" data-element_type=\"widget\" data-e-type=\"widget\" data-widget_type=\"heading.default\">\n\t\t\t\t<div class=\"elementor-widget-container\">\n\t\t\t\t\t<h1 class=\"elementor-heading-title elementor-size-default\">Le Centre de m\u00e9decine familiale de Wakefield\u200b<\/h1>\t\t\t\t<\/div>\n\t\t\t\t<\/div>\n\t\t\t\t<\/div>\n\t\t\t\t\t<\/div>\n\t\t\t\t<\/div>\n\t\t<div class=\"elementor-element elementor-element-c11b5e3 e-flex e-con-boxed e-con e-parent\" data-id=\"c11b5e3\" data-element_type=\"container\" data-e-type=\"container\">\n\t\t\t\t\t<div class=\"e-con-inner\">\n\t\t\t\t<div class=\"elementor-element elementor-element-615880e elementor-widget elementor-widget-heading\" data-id=\"615880e\" data-element_type=\"widget\" data-e-type=\"widget\" data-widget_type=\"heading.default\">\n\t\t\t\t<div class=\"elementor-widget-container\">\n\t\t\t\t\t<h2 class=\"elementor-heading-title elementor-size-default\">Notre histoire<\/h2>\t\t\t\t<\/div>\n\t\t\t\t<\/div>\n\t\t\t\t\t<\/div>\n\t\t\t\t<\/div>\n\t\t<div class=\"elementor-element elementor-element-e047376 e-flex e-con-boxed e-con e-parent\" data-id=\"e047376\" data-element_type=\"container\" data-e-type=\"container\">\n\t\t\t\t\t<div class=\"e-con-inner\">\n\t\t<div class=\"elementor-element elementor-element-017531f e-con-full e-flex e-con e-child\" data-id=\"017531f\" data-element_type=\"container\" data-e-type=\"container\">\n\t\t\t\t<div class=\"elementor-element elementor-element-af44b27 elementor-widget elementor-widget-text-editor\" data-id=\"af44b27\" data-element_type=\"widget\" data-e-type=\"widget\" data-widget_type=\"text-editor.default\">\n\t\t\t\t<div class=\"elementor-widget-container\">\n\t\t\t\t\t\t\t\t\t<p>En 1883, le Dr Hans Stevenson, n\u00e9 \u00e0 Wakefield, m\u00e9decin form\u00e9 \u00e0 McGill et chef de file de la communaut\u00e9, a fond\u00e9 l&rsquo;un des premiers cabinets permanents dans le village et a introduit des innovations comme le service t\u00e9l\u00e9phonique rural afin d&rsquo;am\u00e9liorer les d\u00e9lais d&rsquo;intervention m\u00e9dicale.<\/p><p>\u00a0<\/p><p>En 1911, le Dr Harold J.G. Geggie est arriv\u00e9 pour seconder le Dr Stevenson.\u00a0 Apr\u00e8s le d\u00e9c\u00e8s inattendu de ce dernier, Geggie reprend le cabinet, \u00e9pouse la fille de Stevenson, Ella, et ach\u00e8te la maison familiale (aujourd&rsquo;hui connue sous le nom de chambre d&rsquo;h\u00f4tes \u00ab Les Trois \u00c9rables \u00bb), qui leur sert de r\u00e9sidence et de cabinet m\u00e9dical r\u00e9am\u00e9nag\u00e9.\u00a0 Il devient la pierre angulaire des soins locaux pendant des d\u00e9cennies et est connu pour son d\u00e9vouement infatigable : il pratique des accouchements, des op\u00e9rations chirurgicales et effectue des visites \u00e0 domicile en toute saison. Son h\u00e9ritage s&rsquo;est poursuivi \u00e0 travers trois de ses fils &#8211; Hans, David et Stuart &#8211; qui l&rsquo;ont tous suivi dans la m\u00e9decine et ont pratiqu\u00e9 \u00e0 Wakefield et dans les environs, cr\u00e9ant ainsi un rare h\u00e9ritage m\u00e9dical multig\u00e9n\u00e9rationnel.<\/p><p>\u00a0<\/p><p>En 1952, la vision du Dr Geggie d&rsquo;un h\u00f4pital communautaire s&rsquo;est concr\u00e9tis\u00e9e avec l&rsquo;ouverture de l&rsquo;H\u00f4pital M\u00e9morial de Gatineau sur le chemin Riverside. Construit enti\u00e8rement gr\u00e2ce \u00e0 des collectes de fonds locales, il a \u00e9t\u00e9 le c\u0153ur des soins de sant\u00e9 dans la vall\u00e9e de la Gatineau pendant des d\u00e9cennies, offrant des soins de maternit\u00e9, des interventions chirurgicales et des services d&rsquo;urgence \u00e0 proximit\u00e9 de la maison.<\/p><p>\u00a0<\/p><p>S&rsquo;appuyant sur cette tradition, les quatre m\u00e9decins Geggie ont ouvert le Centre de m\u00e9decine familiale de Wakefield le 15 f\u00e9vrier 1956.<\/p>\t\t\t\t\t\t\t\t<\/div>\n\t\t\t\t<\/div>\n\t\t\t\t<\/div>\n\t\t<div class=\"elementor-element elementor-element-289d948 e-con-full e-flex e-con e-child\" data-id=\"289d948\" data-element_type=\"container\" data-e-type=\"container\">\n\t\t\t\t<div class=\"elementor-element elementor-element-f58de4e elementor-widget elementor-widget-image\" data-id=\"f58de4e\" data-element_type=\"widget\" data-e-type=\"widget\" data-widget_type=\"image.default\">\n\t\t\t\t<div class=\"elementor-widget-container\">\n\t\t\t\t\t\t\t\t\t\t\t\t<figure class=\"wp-caption\">\n\t\t\t\t\t\t\t\t\t\t<img fetchpriority=\"high\" decoding=\"async\" width=\"768\" height=\"497\" src=\"https:\/\/gmfwakefield.ca\/wp-content\/uploads\/2025\/07\/3_erables-768x497.jpg\" class=\"attachment-medium_large size-medium_large wp-image-1367\" alt=\"\" srcset=\"https:\/\/gmfwakefield.ca\/wp-content\/uploads\/2025\/07\/3_erables-768x497.jpg 768w, https:\/\/gmfwakefield.ca\/wp-content\/uploads\/2025\/07\/3_erables-300x194.jpg 300w, https:\/\/gmfwakefield.ca\/wp-content\/uploads\/2025\/07\/3_erables-1024x662.jpg 1024w, https:\/\/gmfwakefield.ca\/wp-content\/uploads\/2025\/07\/3_erables.jpg 1237w\" sizes=\"(max-width: 768px) 100vw, 768px\" \/>\t\t\t\t\t\t\t\t\t\t\t<figcaption class=\"widget-image-caption wp-caption-text\">Hans, stuart et David Geggie dans une cariole \u00e0 l\u2019auberge Maples, actuellement Trois \u00e9rables B&amp;B. Il s\u2019agissait des trois fils de Ella (n\u00e9e Stevenson) et de Dr Harold Geggie, qui sont tous devenus m\u00e9decin *1935, Gatineau Valley Historical Society<\/figcaption>\n\t\t\t\t\t\t\t\t\t\t<\/figure>\n\t\t\t\t\t\t\t\t\t<\/div>\n\t\t\t\t<\/div>\n\t\t\t\t<div class=\"elementor-element elementor-element-1c042e6 elementor-widget elementor-widget-image\" data-id=\"1c042e6\" data-element_type=\"widget\" data-e-type=\"widget\" data-widget_type=\"image.default\">\n\t\t\t\t<div class=\"elementor-widget-container\">\n\t\t\t\t\t\t\t\t\t\t\t\t<figure class=\"wp-caption\">\n\t\t\t\t\t\t\t\t\t\t<img decoding=\"async\" width=\"600\" height=\"472\" src=\"https:\/\/gmfwakefield.ca\/wp-content\/uploads\/2025\/07\/Geggie_family.jpg\" class=\"attachment-large size-large wp-image-1366\" alt=\"\" srcset=\"https:\/\/gmfwakefield.ca\/wp-content\/uploads\/2025\/07\/Geggie_family.jpg 600w, https:\/\/gmfwakefield.ca\/wp-content\/uploads\/2025\/07\/Geggie_family-300x236.jpg 300w\" sizes=\"(max-width: 600px) 100vw, 600px\" \/>\t\t\t\t\t\t\t\t\t\t\t<figcaption class=\"widget-image-caption wp-caption-text\">L'\u00e9quipe de la famille Geggie pose devant la porte de l'H\u00f4pital M\u00e9morial de Gatineau. De gauche \u00e0 droite : Dr Hans Geggie, Dr David Geggie, Dr Harold Geggie et Dr Stuart Geggie. *1955, Gatineau Valley Historical Society<\/figcaption>\n\t\t\t\t\t\t\t\t\t\t<\/figure>\n\t\t\t\t\t\t\t\t\t<\/div>\n\t\t\t\t<\/div>\n\t\t\t\t<\/div>\n\t\t<div class=\"elementor-element elementor-element-6ea09bb e-con-full e-flex e-con e-child\" data-id=\"6ea09bb\" data-element_type=\"container\" data-e-type=\"container\">\n\t\t\t\t<div class=\"elementor-element elementor-element-554c90b elementor-widget__width-initial elementor-widget elementor-widget-text-editor\" data-id=\"554c90b\" data-element_type=\"widget\" data-e-type=\"widget\" data-widget_type=\"text-editor.default\">\n\t\t\t\t<div class=\"elementor-widget-container\">\n\t\t\t\t\t\t\t\t\t<p>Dans les ann\u00e9es 1980, d&rsquo;autres m\u00e9decins, dont les docteurs Folkerson et Satenstein, se sont joints au cabinet. Au fil des ans, l\u2019\u00e9quipe a \u00e9t\u00e9 agr\u00e9ment\u00e9e par l\u2019ajout d&rsquo;autres m\u00e9decins d\u00e9vou\u00e9s qui partageaient un engagement profond \u00e0 soigner les gens du territoire des Collines-de-l\u2019Outaouais. Le Centre de m\u00e9decine familiale de Wakefield est \u00e9galement devenu un important lieu d&rsquo;enseignement \u00e0 McGill, accueillant r\u00e9guli\u00e8rement des \u00e9tudiants en m\u00e9decine et des r\u00e9sidents.<\/p><p>\u00a0<\/p><p>Aujourd&rsquo;hui, le Centre de m\u00e9decine familiale de Wakefield continue de servir la communaut\u00e9 pr\u00e8s de l&#8217;emplacement original de l&rsquo;h\u00f4pital historique, juste en face du parc Geggie.\u00a0 Bien que nos installations et nos pratiques aient \u00e9volu\u00e9s avec les progr\u00e8s de la m\u00e9decine moderne, nos valeurs fondamentales demeurent inchang\u00e9es : offrir \u00e0 chaque patient des soins empreints de compassion et ax\u00e9s sur la collectivit\u00e9.<\/p>\t\t\t\t\t\t\t\t<\/div>\n\t\t\t\t<\/div>\n\t\t\t\t<\/div>\n\t\t<div class=\"elementor-element elementor-element-dfe34f3 e-con-full e-flex e-con e-child\" data-id=\"dfe34f3\" data-element_type=\"container\" data-e-type=\"container\">\n\t\t\t\t<div class=\"elementor-element elementor-element-6c19f47 elementor-widget elementor-widget-image\" data-id=\"6c19f47\" data-element_type=\"widget\" data-e-type=\"widget\" data-widget_type=\"image.default\">\n\t\t\t\t<div class=\"elementor-widget-container\">\n\t\t\t\t\t\t\t\t\t\t\t\t<figure class=\"wp-caption\">\n\t\t\t\t\t\t\t\t\t\t<img decoding=\"async\" width=\"1006\" height=\"800\" src=\"https:\/\/gmfwakefield.ca\/wp-content\/uploads\/2025\/07\/debut_clinique.jpg\" class=\"attachment-large size-large wp-image-1365\" alt=\"\" srcset=\"https:\/\/gmfwakefield.ca\/wp-content\/uploads\/2025\/07\/debut_clinique.jpg 1006w, https:\/\/gmfwakefield.ca\/wp-content\/uploads\/2025\/07\/debut_clinique-300x239.jpg 300w, https:\/\/gmfwakefield.ca\/wp-content\/uploads\/2025\/07\/debut_clinique-768x611.jpg 768w\" sizes=\"(max-width: 1006px) 100vw, 1006px\" \/>\t\t\t\t\t\t\t\t\t\t\t<figcaption class=\"widget-image-caption wp-caption-text\">Le cabinet m\u00e9dical d'origine, situ\u00e9 au 777, chemin Riverside. Il a \u00e9t\u00e9 fond\u00e9 par les quatre premiers docteurs Geggie et a ouvert ses portes le 15 f\u00e9vrier 1956. Vers 1970, il a fait l'objet d'importantes r\u00e9novations, notamment l'ajout d'un deuxi\u00e8me \u00e9tage. *1956, Gatineau Valley Historical Society<\/figcaption>\n\t\t\t\t\t\t\t\t\t\t<\/figure>\n\t\t\t\t\t\t\t\t\t<\/div>\n\t\t\t\t<\/div>\n\t\t\t\t<\/div>\n\t\t\t\t\t<\/div>\n\t\t\t\t<\/div>\n\t\t\t\t<\/div>\n\t\t","protected":false},"excerpt":{"rendered":"<p>Le Centre de m\u00e9decine familiale de Wakefield\u200b Notre histoire En 1883, le Dr Hans Stevenson, n\u00e9 \u00e0 Wakefield, m\u00e9decin form\u00e9 \u00e0 McGill et chef de file de la communaut\u00e9, a fond\u00e9 l&rsquo;un des premiers cabinets permanents dans le village et a introduit des innovations comme le service t\u00e9l\u00e9phonique rural afin d&rsquo;am\u00e9liorer les d\u00e9lais d&rsquo;intervention m\u00e9dicale. [&hellip;]<\/p>\n","protected":false},"author":1,"featured_media":0,"parent":0,"menu_order":0,"comment_status":"closed","ping_status":"closed","template":"","meta":{"site-sidebar-layout":"no-sidebar","site-content-layout":"page-builder","ast-site-content-layout":"full-width-container","site-content-style":"unboxed","site-sidebar-style":"unboxed","ast-global-header-display":"","ast-banner-title-visibility":"","ast-main-header-display":"","ast-hfb-above-header-display":"","ast-hfb-below-header-display":"","ast-hfb-mobile-header-display":"","site-post-title":"","ast-breadcrumbs-content":"","ast-featured-img":"disabled","footer-sml-layout":"","ast-disable-related-posts":"","theme-transparent-header-meta":"","adv-header-id-meta":"","stick-header-meta":"","header-above-stick-meta":"","header-main-stick-meta":"","header-below-stick-meta":"","astra-migrate-meta-layouts":"set","ast-page-background-enabled":"default","ast-page-background-meta":{"desktop":{"background-color":"","background-image":"","background-repeat":"repeat","background-position":"center center","background-size":"auto","background-attachment":"scroll","background-type":"","background-media":"","overlay-type":"","overlay-color":"","overlay-opacity":"","overlay-gradient":""},"tablet":{"background-color":"","background-image":"","background-repeat":"repeat","background-position":"center center","background-size":"auto","background-attachment":"scroll","background-type":"","background-media":"","overlay-type":"","overlay-color":"","overlay-opacity":"","overlay-gradient":""},"mobile":{"background-color":"","background-image":"","background-repeat":"repeat","background-position":"center center","background-size":"auto","background-attachment":"scroll","background-type":"","background-media":"","overlay-type":"","overlay-color":"","overlay-opacity":"","overlay-gradient":""}},"ast-content-background-meta":{"desktop":{"background-color":"var(--ast-global-color-5)","background-image":"","background-repeat":"repeat","background-position":"center center","background-size":"auto","background-attachment":"scroll","background-type":"","background-media":"","overlay-type":"","overlay-color":"","overlay-opacity":"","overlay-gradient":""},"tablet":{"background-color":"var(--ast-global-color-5)","background-image":"","background-repeat":"repeat","background-position":"center center","background-size":"auto","background-attachment":"scroll","background-type":"","background-media":"","overlay-type":"","overlay-color":"","overlay-opacity":"","overlay-gradient":""},"mobile":{"background-color":"var(--ast-global-color-5)","background-image":"","background-repeat":"repeat","background-position":"center center","background-size":"auto","background-attachment":"scroll","background-type":"","background-media":"","overlay-type":"","overlay-color":"","overlay-opacity":"","overlay-gradient":""}},"footnotes":""},"class_list":["post-1275","page","type-page","status-publish","hentry"],"yoast_head":"<!-- This site is optimized with the Yoast SEO plugin v27.5 - https:\/\/yoast.com\/product\/yoast-seo-wordpress\/ -->\n<title>Histoire - gmfwakefield.ca<\/title>\n<meta name=\"description\" content=\"D\u00e9couvrez l\u2019histoire de notre clinique, notre mission et notre engagement \u00e0 offrir des soins humains et professionnels dans la r\u00e9gion.\" \/>\n<meta name=\"robots\" content=\"index, follow, max-snippet:-1, max-image-preview:large, max-video-preview:-1\" \/>\n<link rel=\"canonical\" href=\"https:\/\/gmfwakefield.ca\/fr\/histoire\/\" \/>\n<meta property=\"og:locale\" content=\"fr_CA\" \/>\n<meta property=\"og:type\" content=\"article\" \/>\n<meta property=\"og:title\" content=\"Histoire - gmfwakefield.ca\" \/>\n<meta property=\"og:description\" content=\"D\u00e9couvrez l\u2019histoire de notre clinique, notre mission et notre engagement \u00e0 offrir des soins humains et professionnels dans la r\u00e9gion.\" \/>\n<meta property=\"og:url\" content=\"https:\/\/gmfwakefield.ca\/fr\/histoire\/\" \/>\n<meta property=\"og:site_name\" content=\"gmfwakefield.ca\" \/>\n<meta property=\"article:publisher\" content=\"https:\/\/www.facebook.com\/profile.php?id=61572098099863\" \/>\n<meta property=\"article:modified_time\" content=\"2025-09-01T13:30:41+00:00\" \/>\n<meta property=\"og:image\" content=\"https:\/\/gmfwakefield.ca\/wp-content\/uploads\/2025\/07\/3_erables-768x497.jpg\" \/>\n<meta name=\"twitter:card\" content=\"summary_large_image\" \/>\n<meta name=\"twitter:label1\" content=\"Estimation du temps de lecture\" \/>\n\t<meta name=\"twitter:data1\" content=\"4 minutes\" \/>\n<script type=\"application\/ld+json\" class=\"yoast-schema-graph\">{\"@context\":\"https:\\\/\\\/schema.org\",\"@graph\":[{\"@type\":\"WebPage\",\"@id\":\"https:\\\/\\\/gmfwakefield.ca\\\/fr\\\/histoire\\\/\",\"url\":\"https:\\\/\\\/gmfwakefield.ca\\\/fr\\\/histoire\\\/\",\"name\":\"Histoire - gmfwakefield.ca\",\"isPartOf\":{\"@id\":\"https:\\\/\\\/gmfwakefield.ca\\\/fr\\\/#website\"},\"primaryImageOfPage\":{\"@id\":\"https:\\\/\\\/gmfwakefield.ca\\\/fr\\\/histoire\\\/#primaryimage\"},\"image\":{\"@id\":\"https:\\\/\\\/gmfwakefield.ca\\\/fr\\\/histoire\\\/#primaryimage\"},\"thumbnailUrl\":\"https:\\\/\\\/gmfwakefield.ca\\\/wp-content\\\/uploads\\\/2025\\\/07\\\/3_erables-768x497.jpg\",\"datePublished\":\"2025-05-23T19:39:30+00:00\",\"dateModified\":\"2025-09-01T13:30:41+00:00\",\"description\":\"D\u00e9couvrez l\u2019histoire de notre clinique, notre mission et notre engagement \u00e0 offrir des soins humains et professionnels dans la r\u00e9gion.\",\"breadcrumb\":{\"@id\":\"https:\\\/\\\/gmfwakefield.ca\\\/fr\\\/histoire\\\/#breadcrumb\"},\"inLanguage\":\"fr-CA\",\"potentialAction\":[{\"@type\":\"ReadAction\",\"target\":[\"https:\\\/\\\/gmfwakefield.ca\\\/fr\\\/histoire\\\/\"]}]},{\"@type\":\"ImageObject\",\"inLanguage\":\"fr-CA\",\"@id\":\"https:\\\/\\\/gmfwakefield.ca\\\/fr\\\/histoire\\\/#primaryimage\",\"url\":\"https:\\\/\\\/gmfwakefield.ca\\\/wp-content\\\/uploads\\\/2025\\\/07\\\/3_erables-768x497.jpg\",\"contentUrl\":\"https:\\\/\\\/gmfwakefield.ca\\\/wp-content\\\/uploads\\\/2025\\\/07\\\/3_erables-768x497.jpg\"},{\"@type\":\"BreadcrumbList\",\"@id\":\"https:\\\/\\\/gmfwakefield.ca\\\/fr\\\/histoire\\\/#breadcrumb\",\"itemListElement\":[{\"@type\":\"ListItem\",\"position\":1,\"name\":\"Accueil\",\"item\":\"https:\\\/\\\/gmfwakefield.ca\\\/\"},{\"@type\":\"ListItem\",\"position\":2,\"name\":\"Histoire\"}]},{\"@type\":\"WebSite\",\"@id\":\"https:\\\/\\\/gmfwakefield.ca\\\/fr\\\/#website\",\"url\":\"https:\\\/\\\/gmfwakefield.ca\\\/fr\\\/\",\"name\":\"gmfwakefield.ca\",\"description\":\"GMF de wakefield\",\"publisher\":{\"@id\":\"https:\\\/\\\/gmfwakefield.ca\\\/fr\\\/#organization\"},\"potentialAction\":[{\"@type\":\"SearchAction\",\"target\":{\"@type\":\"EntryPoint\",\"urlTemplate\":\"https:\\\/\\\/gmfwakefield.ca\\\/fr\\\/?s={search_term_string}\"},\"query-input\":{\"@type\":\"PropertyValueSpecification\",\"valueRequired\":true,\"valueName\":\"search_term_string\"}}],\"inLanguage\":\"fr-CA\"},{\"@type\":\"Organization\",\"@id\":\"https:\\\/\\\/gmfwakefield.ca\\\/fr\\\/#organization\",\"name\":\"gmfwakefield.ca\",\"url\":\"https:\\\/\\\/gmfwakefield.ca\\\/fr\\\/\",\"logo\":{\"@type\":\"ImageObject\",\"inLanguage\":\"fr-CA\",\"@id\":\"https:\\\/\\\/gmfwakefield.ca\\\/fr\\\/#\\\/schema\\\/logo\\\/image\\\/\",\"url\":\"https:\\\/\\\/gmfwakefield.ca\\\/wp-content\\\/uploads\\\/2025\\\/05\\\/Logo1.png\",\"contentUrl\":\"https:\\\/\\\/gmfwakefield.ca\\\/wp-content\\\/uploads\\\/2025\\\/05\\\/Logo1.png\",\"width\":1024,\"height\":1024,\"caption\":\"gmfwakefield.ca\"},\"image\":{\"@id\":\"https:\\\/\\\/gmfwakefield.ca\\\/fr\\\/#\\\/schema\\\/logo\\\/image\\\/\"},\"sameAs\":[\"https:\\\/\\\/www.facebook.com\\\/profile.php?id=61572098099863\"]}]}<\/script>\n<!-- \/ Yoast SEO plugin. -->","yoast_head_json":{"title":"Histoire - gmfwakefield.ca","description":"D\u00e9couvrez l\u2019histoire de notre clinique, notre mission et notre engagement \u00e0 offrir des soins humains et professionnels dans la r\u00e9gion.","robots":{"index":"index","follow":"follow","max-snippet":"max-snippet:-1","max-image-preview":"max-image-preview:large","max-video-preview":"max-video-preview:-1"},"canonical":"https:\/\/gmfwakefield.ca\/fr\/histoire\/","og_locale":"fr_CA","og_type":"article","og_title":"Histoire - gmfwakefield.ca","og_description":"D\u00e9couvrez l\u2019histoire de notre clinique, notre mission et notre engagement \u00e0 offrir des soins humains et professionnels dans la r\u00e9gion.","og_url":"https:\/\/gmfwakefield.ca\/fr\/histoire\/","og_site_name":"gmfwakefield.ca","article_publisher":"https:\/\/www.facebook.com\/profile.php?id=61572098099863","article_modified_time":"2025-09-01T13:30:41+00:00","og_image":[{"url":"https:\/\/gmfwakefield.ca\/wp-content\/uploads\/2025\/07\/3_erables-768x497.jpg","type":"","width":"","height":""}],"twitter_card":"summary_large_image","twitter_misc":{"Estimation du temps de lecture":"4 minutes"},"schema":{"@context":"https:\/\/schema.org","@graph":[{"@type":"WebPage","@id":"https:\/\/gmfwakefield.ca\/fr\/histoire\/","url":"https:\/\/gmfwakefield.ca\/fr\/histoire\/","name":"Histoire - gmfwakefield.ca","isPartOf":{"@id":"https:\/\/gmfwakefield.ca\/fr\/#website"},"primaryImageOfPage":{"@id":"https:\/\/gmfwakefield.ca\/fr\/histoire\/#primaryimage"},"image":{"@id":"https:\/\/gmfwakefield.ca\/fr\/histoire\/#primaryimage"},"thumbnailUrl":"https:\/\/gmfwakefield.ca\/wp-content\/uploads\/2025\/07\/3_erables-768x497.jpg","datePublished":"2025-05-23T19:39:30+00:00","dateModified":"2025-09-01T13:30:41+00:00","description":"D\u00e9couvrez l\u2019histoire de notre clinique, notre mission et notre engagement \u00e0 offrir des soins humains et professionnels dans la r\u00e9gion.","breadcrumb":{"@id":"https:\/\/gmfwakefield.ca\/fr\/histoire\/#breadcrumb"},"inLanguage":"fr-CA","potentialAction":[{"@type":"ReadAction","target":["https:\/\/gmfwakefield.ca\/fr\/histoire\/"]}]},{"@type":"ImageObject","inLanguage":"fr-CA","@id":"https:\/\/gmfwakefield.ca\/fr\/histoire\/#primaryimage","url":"https:\/\/gmfwakefield.ca\/wp-content\/uploads\/2025\/07\/3_erables-768x497.jpg","contentUrl":"https:\/\/gmfwakefield.ca\/wp-content\/uploads\/2025\/07\/3_erables-768x497.jpg"},{"@type":"BreadcrumbList","@id":"https:\/\/gmfwakefield.ca\/fr\/histoire\/#breadcrumb","itemListElement":[{"@type":"ListItem","position":1,"name":"Accueil","item":"https:\/\/gmfwakefield.ca\/"},{"@type":"ListItem","position":2,"name":"Histoire"}]},{"@type":"WebSite","@id":"https:\/\/gmfwakefield.ca\/fr\/#website","url":"https:\/\/gmfwakefield.ca\/fr\/","name":"gmfwakefield.ca","description":"GMF de wakefield","publisher":{"@id":"https:\/\/gmfwakefield.ca\/fr\/#organization"},"potentialAction":[{"@type":"SearchAction","target":{"@type":"EntryPoint","urlTemplate":"https:\/\/gmfwakefield.ca\/fr\/?s={search_term_string}"},"query-input":{"@type":"PropertyValueSpecification","valueRequired":true,"valueName":"search_term_string"}}],"inLanguage":"fr-CA"},{"@type":"Organization","@id":"https:\/\/gmfwakefield.ca\/fr\/#organization","name":"gmfwakefield.ca","url":"https:\/\/gmfwakefield.ca\/fr\/","logo":{"@type":"ImageObject","inLanguage":"fr-CA","@id":"https:\/\/gmfwakefield.ca\/fr\/#\/schema\/logo\/image\/","url":"https:\/\/gmfwakefield.ca\/wp-content\/uploads\/2025\/05\/Logo1.png","contentUrl":"https:\/\/gmfwakefield.ca\/wp-content\/uploads\/2025\/05\/Logo1.png","width":1024,"height":1024,"caption":"gmfwakefield.ca"},"image":{"@id":"https:\/\/gmfwakefield.ca\/fr\/#\/schema\/logo\/image\/"},"sameAs":["https:\/\/www.facebook.com\/profile.php?id=61572098099863"]}]}},"_links":{"self":[{"href":"https:\/\/gmfwakefield.ca\/fr\/wp-json\/wp\/v2\/pages\/1275","targetHints":{"allow":["GET"]}}],"collection":[{"href":"https:\/\/gmfwakefield.ca\/fr\/wp-json\/wp\/v2\/pages"}],"about":[{"href":"https:\/\/gmfwakefield.ca\/fr\/wp-json\/wp\/v2\/types\/page"}],"author":[{"embeddable":true,"href":"https:\/\/gmfwakefield.ca\/fr\/wp-json\/wp\/v2\/users\/1"}],"replies":[{"embeddable":true,"href":"https:\/\/gmfwakefield.ca\/fr\/wp-json\/wp\/v2\/comments?post=1275"}],"version-history":[{"count":29,"href":"https:\/\/gmfwakefield.ca\/fr\/wp-json\/wp\/v2\/pages\/1275\/revisions"}],"predecessor-version":[{"id":1584,"href":"https:\/\/gmfwakefield.ca\/fr\/wp-json\/wp\/v2\/pages\/1275\/revisions\/1584"}],"wp:attachment":[{"href":"https:\/\/gmfwakefield.ca\/fr\/wp-json\/wp\/v2\/media?parent=1275"}],"curies":[{"name":"wp","href":"https:\/\/api.w.org\/{rel}","templated":true}]}}