{"id":384,"date":"2025-05-09T19:04:06","date_gmt":"2025-05-09T23:04:06","guid":{"rendered":"https:\/\/gmfwakefield.ca\/home\/"},"modified":"2026-03-26T13:35:21","modified_gmt":"2026-03-26T17:35:21","slug":"accueil","status":"publish","type":"page","link":"https:\/\/gmfwakefield.ca\/fr\/","title":{"rendered":"Accueil"},"content":{"rendered":"\t\t<div data-elementor-type=\"wp-page\" data-elementor-id=\"384\" class=\"elementor elementor-384\">\n\t\t\t\t<div class=\"elementor-element elementor-element-3e5c029 e-flex e-con-boxed e-con e-parent\" data-id=\"3e5c029\" data-element_type=\"container\" data-e-type=\"container\" id=\"home\" data-settings=\"{&quot;background_background&quot;:&quot;classic&quot;}\">\n\t\t\t\t\t<div class=\"e-con-inner\">\n\t\t<div class=\"elementor-element elementor-element-d70dab8 e-con-full e-flex e-con e-child\" data-id=\"d70dab8\" data-element_type=\"container\" data-e-type=\"container\">\n\t\t\t\t<div class=\"elementor-element elementor-element-595ca58 elementor-widget__width-initial elementor-widget elementor-widget-heading\" data-id=\"595ca58\" data-element_type=\"widget\" data-e-type=\"widget\" data-widget_type=\"heading.default\">\n\t\t\t\t<div class=\"elementor-widget-container\">\n\t\t\t\t\t<h1 class=\"elementor-heading-title elementor-size-default\">Le Centre de m\u00e9decine familiale de Wakefield\u200b<\/h1>\t\t\t\t<\/div>\n\t\t\t\t<\/div>\n\t\t\t\t<\/div>\n\t\t\t\t\t<\/div>\n\t\t\t\t<\/div>\n\t\t<div class=\"elementor-element elementor-element-d75d21c e-flex e-con-boxed e-con e-parent\" data-id=\"d75d21c\" data-element_type=\"container\" data-e-type=\"container\" id=\"about\" data-settings=\"{&quot;background_background&quot;:&quot;classic&quot;}\">\n\t\t\t\t\t<div class=\"e-con-inner\">\n\t\t<div class=\"elementor-element elementor-element-096b46b e-con-full e-flex e-con e-child\" data-id=\"096b46b\" data-element_type=\"container\" data-e-type=\"container\" data-settings=\"{&quot;background_background&quot;:&quot;classic&quot;}\">\n\t\t\t\t<div class=\"elementor-element elementor-element-c20d063 elementor-widget elementor-widget-image\" data-id=\"c20d063\" data-element_type=\"widget\" data-e-type=\"widget\" data-widget_type=\"image.default\">\n\t\t\t\t<div class=\"elementor-widget-container\">\n\t\t\t\t\t\t\t\t\t\t\t\t\t\t\t<img decoding=\"async\" src=\"https:\/\/gmfwakefield.ca\/wp-content\/uploads\/elementor\/thumbs\/pont_couvert-r9hhtivfinujdxwfgu71nt8bhk77lds3wyslu46e7w.jpg\" title=\"pont_couvert\" alt=\"pont_couvert\" loading=\"lazy\" \/>\t\t\t\t\t\t\t\t\t\t\t\t\t\t\t<\/div>\n\t\t\t\t<\/div>\n\t\t\t\t<div class=\"elementor-element elementor-element-a36878d elementor-widget elementor-widget-image\" data-id=\"a36878d\" data-element_type=\"widget\" data-e-type=\"widget\" data-widget_type=\"image.default\">\n\t\t\t\t<div class=\"elementor-widget-container\">\n\t\t\t\t\t\t\t\t\t\t\t\t\t\t\t<img fetchpriority=\"high\" decoding=\"async\" width=\"2560\" height=\"1707\" src=\"https:\/\/gmfwakefield.ca\/wp-content\/uploads\/2025\/07\/Clinique_fleurs.jpg\" class=\"attachment-full size-full wp-image-1362\" alt=\"\" srcset=\"https:\/\/gmfwakefield.ca\/wp-content\/uploads\/2025\/07\/Clinique_fleurs.jpg 2560w, https:\/\/gmfwakefield.ca\/wp-content\/uploads\/2025\/07\/Clinique_fleurs-300x200.jpg 300w, https:\/\/gmfwakefield.ca\/wp-content\/uploads\/2025\/07\/Clinique_fleurs-1024x683.jpg 1024w, https:\/\/gmfwakefield.ca\/wp-content\/uploads\/2025\/07\/Clinique_fleurs-768x512.jpg 768w, https:\/\/gmfwakefield.ca\/wp-content\/uploads\/2025\/07\/Clinique_fleurs-1536x1024.jpg 1536w, https:\/\/gmfwakefield.ca\/wp-content\/uploads\/2025\/07\/Clinique_fleurs-2048x1366.jpg 2048w\" sizes=\"(max-width: 2560px) 100vw, 2560px\" \/>\t\t\t\t\t\t\t\t\t\t\t\t\t\t\t<\/div>\n\t\t\t\t<\/div>\n\t\t\t\t<\/div>\n\t\t<div class=\"elementor-element elementor-element-51e70e6 e-con-full e-flex e-con e-child\" data-id=\"51e70e6\" data-element_type=\"container\" data-e-type=\"container\">\n\t\t\t\t<div class=\"elementor-element elementor-element-5dc98b5 elementor-widget__width-initial elementor-widget elementor-widget-heading\" data-id=\"5dc98b5\" data-element_type=\"widget\" data-e-type=\"widget\" data-widget_type=\"heading.default\">\n\t\t\t\t<div class=\"elementor-widget-container\">\n\t\t\t\t\t<h2 class=\"elementor-heading-title elementor-size-default\">Nous avons \u00e0 c\u0153ur votre sant\u00e9!<\/h2>\t\t\t\t<\/div>\n\t\t\t\t<\/div>\n\t\t\t\t<div class=\"elementor-element elementor-element-86e9f91 elementor-widget-divider--view-line elementor-widget elementor-widget-divider\" data-id=\"86e9f91\" data-element_type=\"widget\" data-e-type=\"widget\" data-widget_type=\"divider.default\">\n\t\t\t\t<div class=\"elementor-widget-container\">\n\t\t\t\t\t\t\t<div class=\"elementor-divider\">\n\t\t\t<span class=\"elementor-divider-separator\">\n\t\t\t\t\t\t<\/span>\n\t\t<\/div>\n\t\t\t\t\t\t<\/div>\n\t\t\t\t<\/div>\n\t\t\t\t<div class=\"elementor-element elementor-element-aac3e0e elementor-widget elementor-widget-text-editor\" data-id=\"aac3e0e\" data-element_type=\"widget\" data-e-type=\"widget\" data-widget_type=\"text-editor.default\">\n\t\t\t\t<div class=\"elementor-widget-container\">\n\t\t\t\t\t\t\t\t\t<p>Au c\u0153ur de la municipalit\u00e9 de la P\u00eache, le Centre de m\u00e9decine familiale de Wakefield a \u00e9t\u00e9 fond\u00e9 dans les ann\u00e9es 1970. La clinique est un Groupe de m\u00e9decine familiale (GMF) constitu\u00e9 de m\u00e9decins, d\u2019infirmi\u00e8res cliniciennes, d\u2019une nutritionniste, d\u2019une pharmacienne et d\u2019un travailleur social.<\/p><p>Ensemble, nos m\u00e9decins et professionnels de la sant\u00e9 travaillent de front pour vous offrir les meilleurs soins de premi\u00e8re ligne possibles.<\/p>\t\t\t\t\t\t\t\t<\/div>\n\t\t\t\t<\/div>\n\t\t<div class=\"elementor-element elementor-element-9fc17da e-con-full e-flex e-con e-child\" data-id=\"9fc17da\" data-element_type=\"container\" data-e-type=\"container\">\n\t\t\t\t<\/div>\n\t\t\t\t<\/div>\n\t\t\t\t\t<\/div>\n\t\t\t\t<\/div>\n\t\t<div class=\"elementor-element elementor-element-19999fa e-flex e-con-boxed e-con e-parent\" data-id=\"19999fa\" data-element_type=\"container\" data-e-type=\"container\">\n\t\t\t\t\t<div class=\"e-con-inner\">\n\t\t\t\t<div class=\"elementor-element elementor-element-b009e66 elementor-widget elementor-widget-image\" data-id=\"b009e66\" data-element_type=\"widget\" data-e-type=\"widget\" data-widget_type=\"image.default\">\n\t\t\t\t<div class=\"elementor-widget-container\">\n\t\t\t\t\t\t\t\t\t\t\t\t\t\t\t<img decoding=\"async\" width=\"699\" height=\"892\" src=\"https:\/\/gmfwakefield.ca\/wp-content\/uploads\/2026\/03\/Lettre_screen_shot_fr.jpg\" class=\"attachment-medium_large size-medium_large wp-image-1623\" alt=\"\" srcset=\"https:\/\/gmfwakefield.ca\/wp-content\/uploads\/2026\/03\/Lettre_screen_shot_fr.jpg 699w, https:\/\/gmfwakefield.ca\/wp-content\/uploads\/2026\/03\/Lettre_screen_shot_fr-235x300.jpg 235w, https:\/\/gmfwakefield.ca\/wp-content\/uploads\/2026\/03\/Lettre_screen_shot_fr-9x12.jpg 9w\" sizes=\"(max-width: 699px) 100vw, 699px\" \/>\t\t\t\t\t\t\t\t\t\t\t\t\t\t\t<\/div>\n\t\t\t\t<\/div>\n\t\t<div class=\"elementor-element elementor-element-3a08241 e-con-full e-flex e-con e-child\" data-id=\"3a08241\" data-element_type=\"container\" data-e-type=\"container\">\n\t\t\t\t<div class=\"elementor-element elementor-element-84d9ec5 elementor-widget elementor-widget-image\" data-id=\"84d9ec5\" data-element_type=\"widget\" data-e-type=\"widget\" data-widget_type=\"image.default\">\n\t\t\t\t<div class=\"elementor-widget-container\">\n\t\t\t\t\t\t\t\t\t\t\t\t\t\t\t<img decoding=\"async\" width=\"498\" height=\"604\" src=\"https:\/\/gmfwakefield.ca\/wp-content\/uploads\/2026\/03\/Screenshot-2026-03-26-133322.png\" class=\"attachment-large size-large wp-image-1630\" alt=\"\" srcset=\"https:\/\/gmfwakefield.ca\/wp-content\/uploads\/2026\/03\/Screenshot-2026-03-26-133322.png 498w, https:\/\/gmfwakefield.ca\/wp-content\/uploads\/2026\/03\/Screenshot-2026-03-26-133322-247x300.png 247w, https:\/\/gmfwakefield.ca\/wp-content\/uploads\/2026\/03\/Screenshot-2026-03-26-133322-10x12.png 10w\" sizes=\"(max-width: 498px) 100vw, 498px\" \/>\t\t\t\t\t\t\t\t\t\t\t\t\t\t\t<\/div>\n\t\t\t\t<\/div>\n\t\t\t\t<\/div>\n\t\t<div class=\"elementor-element elementor-element-fa0fa26 e-con-full e-flex e-con e-child\" data-id=\"fa0fa26\" data-element_type=\"container\" data-e-type=\"container\">\n\t\t\t\t<\/div>\n\t\t<div class=\"elementor-element elementor-element-20a2a56 e-con-full e-flex e-con e-child\" data-id=\"20a2a56\" data-element_type=\"container\" data-e-type=\"container\">\n\t\t\t\t<div class=\"elementor-element elementor-element-1b1b6d7 elementor-widget elementor-widget-image\" data-id=\"1b1b6d7\" data-element_type=\"widget\" data-e-type=\"widget\" data-widget_type=\"image.default\">\n\t\t\t\t<div class=\"elementor-widget-container\">\n\t\t\t\t\t\t\t\t\t\t\t\t\t\t\t<img loading=\"lazy\" decoding=\"async\" width=\"700\" height=\"877\" src=\"https:\/\/gmfwakefield.ca\/wp-content\/uploads\/2026\/03\/Lettre_screen_shot_ang.jpg\" class=\"attachment-large size-large wp-image-1624\" alt=\"\" srcset=\"https:\/\/gmfwakefield.ca\/wp-content\/uploads\/2026\/03\/Lettre_screen_shot_ang.jpg 700w, https:\/\/gmfwakefield.ca\/wp-content\/uploads\/2026\/03\/Lettre_screen_shot_ang-239x300.jpg 239w, https:\/\/gmfwakefield.ca\/wp-content\/uploads\/2026\/03\/Lettre_screen_shot_ang-10x12.jpg 10w\" sizes=\"(max-width: 700px) 100vw, 700px\" \/>\t\t\t\t\t\t\t\t\t\t\t\t\t\t\t<\/div>\n\t\t\t\t<\/div>\n\t\t\t\t<\/div>\n\t\t\t\t\t<\/div>\n\t\t\t\t<\/div>\n\t\t<div class=\"elementor-element elementor-element-47b6ed7 e-flex e-con-boxed e-con e-parent\" data-id=\"47b6ed7\" data-element_type=\"container\" data-e-type=\"container\" id=\"contact\" data-settings=\"{&quot;shape_divider_top&quot;:&quot;tilt&quot;}\">\n\t\t\t\t\t<div class=\"e-con-inner\">\n\t\t\t\t<div class=\"elementor-shape elementor-shape-top\" aria-hidden=\"true\" data-negative=\"false\">\n\t\t\t<svg xmlns=\"http:\/\/www.w3.org\/2000\/svg\" viewBox=\"0 0 1000 100\" preserveAspectRatio=\"none\">\n\t<path class=\"elementor-shape-fill\" d=\"M0,6V0h1000v100L0,6z\"\/>\n<\/svg>\t\t<\/div>\n\t\t<div class=\"elementor-element elementor-element-51e23a6 e-con-full e-flex e-con e-child\" data-id=\"51e23a6\" data-element_type=\"container\" data-e-type=\"container\">\n\t\t\t\t<div class=\"elementor-element elementor-element-cd23baa elementor-widget elementor-widget-google_maps\" data-id=\"cd23baa\" data-element_type=\"widget\" data-e-type=\"widget\" data-widget_type=\"google_maps.default\">\n\t\t\t\t<div class=\"elementor-widget-container\">\n\t\t\t\t\t\t\t<div class=\"elementor-custom-embed\">\n\t\t\t<iframe loading=\"lazy\"\n\t\t\t\t\tsrc=\"https:\/\/maps.google.com\/maps?q=777%20Chem.%20Riverside%2C%20Wakefield%2C%20QC%20J0X%203G0%2C%20Canada&#038;t=m&#038;z=16&#038;output=embed&#038;iwloc=near\"\n\t\t\t\t\ttitle=\"777 Chem. Riverside, Wakefield, QC J0X 3G0, Canada\"\n\t\t\t\t\taria-label=\"777 Chem. Riverside, Wakefield, QC J0X 3G0, Canada\"\n\t\t\t><\/iframe>\n\t\t<\/div>\n\t\t\t\t\t\t<\/div>\n\t\t\t\t<\/div>\n\t\t\t\t<\/div>\n\t\t\t\t\t<\/div>\n\t\t\t\t<\/div>\n\t\t<div class=\"elementor-element elementor-element-e778124 e-flex e-con-boxed e-con e-parent\" data-id=\"e778124\" data-element_type=\"container\" data-e-type=\"container\">\n\t\t\t\t\t<div class=\"e-con-inner\">\n\t\t\t\t\t<\/div>\n\t\t\t\t<\/div>\n\t\t<div class=\"elementor-element elementor-element-e5774bb e-flex e-con-boxed e-con e-parent\" data-id=\"e5774bb\" data-element_type=\"container\" data-e-type=\"container\">\n\t\t\t\t\t<div class=\"e-con-inner\">\n\t\t\t\t\t<\/div>\n\t\t\t\t<\/div>\n\t\t<div class=\"elementor-element elementor-element-f01e49b e-flex e-con-boxed e-con e-parent\" data-id=\"f01e49b\" data-element_type=\"container\" data-e-type=\"container\">\n\t\t\t\t\t<div class=\"e-con-inner\">\n\t\t\t\t\t<\/div>\n\t\t\t\t<\/div>\n\t\t\t\t<\/div>\n\t\t","protected":false},"excerpt":{"rendered":"<p>Le Centre de m\u00e9decine familiale de Wakefield\u200b Nous avons \u00e0 c\u0153ur votre sant\u00e9! Au c\u0153ur de la municipalit\u00e9 de la P\u00eache, le Centre de m\u00e9decine familiale de Wakefield a \u00e9t\u00e9 fond\u00e9 dans les ann\u00e9es 1970. La clinique est un Groupe de m\u00e9decine familiale (GMF) constitu\u00e9 de m\u00e9decins, d\u2019infirmi\u00e8res cliniciennes, d\u2019une nutritionniste, d\u2019une pharmacienne et d\u2019un [&hellip;]<\/p>\n","protected":false},"author":1,"featured_media":0,"parent":0,"menu_order":0,"comment_status":"closed","ping_status":"closed","template":"","meta":{"site-sidebar-layout":"no-sidebar","site-content-layout":"page-builder","ast-site-content-layout":"full-width-container","site-content-style":"unboxed","site-sidebar-style":"unboxed","ast-global-header-display":"","ast-banner-title-visibility":"","ast-main-header-display":"","ast-hfb-above-header-display":"","ast-hfb-below-header-display":"","ast-hfb-mobile-header-display":"","site-post-title":"","ast-breadcrumbs-content":"disabled","ast-featured-img":"disabled","footer-sml-layout":"","ast-disable-related-posts":"","theme-transparent-header-meta":"default","adv-header-id-meta":"","stick-header-meta":"","header-above-stick-meta":"","header-main-stick-meta":"","header-below-stick-meta":"","astra-migrate-meta-layouts":"set","ast-page-background-enabled":"default","ast-page-background-meta":{"desktop":{"background-color":"","background-image":"","background-repeat":"repeat","background-position":"center center","background-size":"auto","background-attachment":"scroll","background-type":"","background-media":"","overlay-type":"","overlay-color":"","overlay-opacity":"","overlay-gradient":""},"tablet":{"background-color":"","background-image":"","background-repeat":"repeat","background-position":"center center","background-size":"auto","background-attachment":"scroll","background-type":"","background-media":"","overlay-type":"","overlay-color":"","overlay-opacity":"","overlay-gradient":""},"mobile":{"background-color":"","background-image":"","background-repeat":"repeat","background-position":"center center","background-size":"auto","background-attachment":"scroll","background-type":"","background-media":"","overlay-type":"","overlay-color":"","overlay-opacity":"","overlay-gradient":""}},"ast-content-background-meta":{"desktop":{"background-color":"var(--ast-global-color-5)","background-image":"","background-repeat":"repeat","background-position":"center center","background-size":"auto","background-attachment":"scroll","background-type":"","background-media":"","overlay-type":"","overlay-color":"","overlay-opacity":"","overlay-gradient":""},"tablet":{"background-color":"var(--ast-global-color-5)","background-image":"","background-repeat":"repeat","background-position":"center center","background-size":"auto","background-attachment":"scroll","background-type":"","background-media":"","overlay-type":"","overlay-color":"","overlay-opacity":"","overlay-gradient":""},"mobile":{"background-color":"var(--ast-global-color-5)","background-image":"","background-repeat":"repeat","background-position":"center center","background-size":"auto","background-attachment":"scroll","background-type":"","background-media":"","overlay-type":"","overlay-color":"","overlay-opacity":"","overlay-gradient":""}},"footnotes":""},"class_list":["post-384","page","type-page","status-publish","hentry"],"yoast_head":"<!-- This site is optimized with the Yoast SEO plugin v27.5 - https:\/\/yoast.com\/product\/yoast-seo-wordpress\/ -->\n<title>Accueil - gmfwakefield.ca<\/title>\n<meta name=\"description\" content=\"Clinique m\u00e9dicale en r\u00e9gion offrant des soins de qualit\u00e9. M\u00e9decins, d\u00e9couvrez nos opportunit\u00e9s de carri\u00e8re. Patients, acc\u00e9dez \u00e0 nos heures d\u2019ouverture et \u00e0 notre FAQ.\" \/>\n<meta name=\"robots\" content=\"index, follow, max-snippet:-1, max-image-preview:large, max-video-preview:-1\" \/>\n<link rel=\"canonical\" href=\"https:\/\/gmfwakefield.ca\/fr\/\" \/>\n<meta property=\"og:locale\" content=\"fr_CA\" \/>\n<meta property=\"og:type\" content=\"article\" \/>\n<meta property=\"og:title\" content=\"Accueil - gmfwakefield.ca\" \/>\n<meta property=\"og:description\" content=\"Clinique m\u00e9dicale en r\u00e9gion offrant des soins de qualit\u00e9. M\u00e9decins, d\u00e9couvrez nos opportunit\u00e9s de carri\u00e8re. Patients, acc\u00e9dez \u00e0 nos heures d\u2019ouverture et \u00e0 notre FAQ.\" \/>\n<meta property=\"og:url\" content=\"https:\/\/gmfwakefield.ca\/fr\/\" \/>\n<meta property=\"og:site_name\" content=\"gmfwakefield.ca\" \/>\n<meta property=\"article:publisher\" content=\"https:\/\/www.facebook.com\/profile.php?id=61572098099863\" \/>\n<meta property=\"article:modified_time\" content=\"2026-03-26T17:35:21+00:00\" \/>\n<meta property=\"og:image\" content=\"https:\/\/gmfwakefield.ca\/wp-content\/uploads\/elementor\/thumbs\/pont_couvert-r9hhtivfinujdxwfgu71nt8bhk77lds3wyslu46e7w.jpg\" \/>\n<meta name=\"twitter:card\" content=\"summary_large_image\" \/>\n<meta name=\"twitter:label1\" content=\"Estimation du temps de lecture\" \/>\n\t<meta name=\"twitter:data1\" content=\"2 minutes\" \/>\n<script type=\"application\/ld+json\" class=\"yoast-schema-graph\">{\"@context\":\"https:\\\/\\\/schema.org\",\"@graph\":[{\"@type\":\"WebPage\",\"@id\":\"https:\\\/\\\/gmfwakefield.ca\\\/\",\"url\":\"https:\\\/\\\/gmfwakefield.ca\\\/\",\"name\":\"Accueil - gmfwakefield.ca\",\"isPartOf\":{\"@id\":\"https:\\\/\\\/gmfwakefield.ca\\\/fr\\\/#website\"},\"primaryImageOfPage\":{\"@id\":\"https:\\\/\\\/gmfwakefield.ca\\\/#primaryimage\"},\"image\":{\"@id\":\"https:\\\/\\\/gmfwakefield.ca\\\/#primaryimage\"},\"thumbnailUrl\":\"https:\\\/\\\/gmfwakefield.ca\\\/wp-content\\\/uploads\\\/elementor\\\/thumbs\\\/pont_couvert-r9hhtivfinujdxwfgu71nt8bhk77lds3wyslu46e7w.jpg\",\"datePublished\":\"2025-05-09T23:04:06+00:00\",\"dateModified\":\"2026-03-26T17:35:21+00:00\",\"description\":\"Clinique m\u00e9dicale en r\u00e9gion offrant des soins de qualit\u00e9. M\u00e9decins, d\u00e9couvrez nos opportunit\u00e9s de carri\u00e8re. Patients, acc\u00e9dez \u00e0 nos heures d\u2019ouverture et \u00e0 notre FAQ.\",\"breadcrumb\":{\"@id\":\"https:\\\/\\\/gmfwakefield.ca\\\/#breadcrumb\"},\"inLanguage\":\"fr-CA\",\"potentialAction\":[{\"@type\":\"ReadAction\",\"target\":[\"https:\\\/\\\/gmfwakefield.ca\\\/\"]}]},{\"@type\":\"ImageObject\",\"inLanguage\":\"fr-CA\",\"@id\":\"https:\\\/\\\/gmfwakefield.ca\\\/#primaryimage\",\"url\":\"https:\\\/\\\/gmfwakefield.ca\\\/wp-content\\\/uploads\\\/elementor\\\/thumbs\\\/pont_couvert-r9hhtivfinujdxwfgu71nt8bhk77lds3wyslu46e7w.jpg\",\"contentUrl\":\"https:\\\/\\\/gmfwakefield.ca\\\/wp-content\\\/uploads\\\/elementor\\\/thumbs\\\/pont_couvert-r9hhtivfinujdxwfgu71nt8bhk77lds3wyslu46e7w.jpg\"},{\"@type\":\"BreadcrumbList\",\"@id\":\"https:\\\/\\\/gmfwakefield.ca\\\/#breadcrumb\",\"itemListElement\":[{\"@type\":\"ListItem\",\"position\":1,\"name\":\"Accueil\",\"item\":\"https:\\\/\\\/gmfwakefield.ca\\\/\"},{\"@type\":\"ListItem\",\"position\":2,\"name\":\"Accueil\"}]},{\"@type\":\"WebSite\",\"@id\":\"https:\\\/\\\/gmfwakefield.ca\\\/fr\\\/#website\",\"url\":\"https:\\\/\\\/gmfwakefield.ca\\\/fr\\\/\",\"name\":\"gmfwakefield.ca\",\"description\":\"GMF de wakefield\",\"publisher\":{\"@id\":\"https:\\\/\\\/gmfwakefield.ca\\\/fr\\\/#organization\"},\"potentialAction\":[{\"@type\":\"SearchAction\",\"target\":{\"@type\":\"EntryPoint\",\"urlTemplate\":\"https:\\\/\\\/gmfwakefield.ca\\\/fr\\\/?s={search_term_string}\"},\"query-input\":{\"@type\":\"PropertyValueSpecification\",\"valueRequired\":true,\"valueName\":\"search_term_string\"}}],\"inLanguage\":\"fr-CA\"},{\"@type\":\"Organization\",\"@id\":\"https:\\\/\\\/gmfwakefield.ca\\\/fr\\\/#organization\",\"name\":\"gmfwakefield.ca\",\"url\":\"https:\\\/\\\/gmfwakefield.ca\\\/fr\\\/\",\"logo\":{\"@type\":\"ImageObject\",\"inLanguage\":\"fr-CA\",\"@id\":\"https:\\\/\\\/gmfwakefield.ca\\\/fr\\\/#\\\/schema\\\/logo\\\/image\\\/\",\"url\":\"https:\\\/\\\/gmfwakefield.ca\\\/wp-content\\\/uploads\\\/2025\\\/05\\\/Logo1.png\",\"contentUrl\":\"https:\\\/\\\/gmfwakefield.ca\\\/wp-content\\\/uploads\\\/2025\\\/05\\\/Logo1.png\",\"width\":1024,\"height\":1024,\"caption\":\"gmfwakefield.ca\"},\"image\":{\"@id\":\"https:\\\/\\\/gmfwakefield.ca\\\/fr\\\/#\\\/schema\\\/logo\\\/image\\\/\"},\"sameAs\":[\"https:\\\/\\\/www.facebook.com\\\/profile.php?id=61572098099863\"]}]}<\/script>\n<!-- \/ Yoast SEO plugin. -->","yoast_head_json":{"title":"Accueil - gmfwakefield.ca","description":"Clinique m\u00e9dicale en r\u00e9gion offrant des soins de qualit\u00e9. M\u00e9decins, d\u00e9couvrez nos opportunit\u00e9s de carri\u00e8re. Patients, acc\u00e9dez \u00e0 nos heures d\u2019ouverture et \u00e0 notre FAQ.","robots":{"index":"index","follow":"follow","max-snippet":"max-snippet:-1","max-image-preview":"max-image-preview:large","max-video-preview":"max-video-preview:-1"},"canonical":"https:\/\/gmfwakefield.ca\/fr\/","og_locale":"fr_CA","og_type":"article","og_title":"Accueil - gmfwakefield.ca","og_description":"Clinique m\u00e9dicale en r\u00e9gion offrant des soins de qualit\u00e9. M\u00e9decins, d\u00e9couvrez nos opportunit\u00e9s de carri\u00e8re. Patients, acc\u00e9dez \u00e0 nos heures d\u2019ouverture et \u00e0 notre FAQ.","og_url":"https:\/\/gmfwakefield.ca\/fr\/","og_site_name":"gmfwakefield.ca","article_publisher":"https:\/\/www.facebook.com\/profile.php?id=61572098099863","article_modified_time":"2026-03-26T17:35:21+00:00","og_image":[{"url":"https:\/\/gmfwakefield.ca\/wp-content\/uploads\/elementor\/thumbs\/pont_couvert-r9hhtivfinujdxwfgu71nt8bhk77lds3wyslu46e7w.jpg","type":"","width":"","height":""}],"twitter_card":"summary_large_image","twitter_misc":{"Estimation du temps de lecture":"2 minutes"},"schema":{"@context":"https:\/\/schema.org","@graph":[{"@type":"WebPage","@id":"https:\/\/gmfwakefield.ca\/","url":"https:\/\/gmfwakefield.ca\/","name":"Accueil - gmfwakefield.ca","isPartOf":{"@id":"https:\/\/gmfwakefield.ca\/fr\/#website"},"primaryImageOfPage":{"@id":"https:\/\/gmfwakefield.ca\/#primaryimage"},"image":{"@id":"https:\/\/gmfwakefield.ca\/#primaryimage"},"thumbnailUrl":"https:\/\/gmfwakefield.ca\/wp-content\/uploads\/elementor\/thumbs\/pont_couvert-r9hhtivfinujdxwfgu71nt8bhk77lds3wyslu46e7w.jpg","datePublished":"2025-05-09T23:04:06+00:00","dateModified":"2026-03-26T17:35:21+00:00","description":"Clinique m\u00e9dicale en r\u00e9gion offrant des soins de qualit\u00e9. M\u00e9decins, d\u00e9couvrez nos opportunit\u00e9s de carri\u00e8re. Patients, acc\u00e9dez \u00e0 nos heures d\u2019ouverture et \u00e0 notre FAQ.","breadcrumb":{"@id":"https:\/\/gmfwakefield.ca\/#breadcrumb"},"inLanguage":"fr-CA","potentialAction":[{"@type":"ReadAction","target":["https:\/\/gmfwakefield.ca\/"]}]},{"@type":"ImageObject","inLanguage":"fr-CA","@id":"https:\/\/gmfwakefield.ca\/#primaryimage","url":"https:\/\/gmfwakefield.ca\/wp-content\/uploads\/elementor\/thumbs\/pont_couvert-r9hhtivfinujdxwfgu71nt8bhk77lds3wyslu46e7w.jpg","contentUrl":"https:\/\/gmfwakefield.ca\/wp-content\/uploads\/elementor\/thumbs\/pont_couvert-r9hhtivfinujdxwfgu71nt8bhk77lds3wyslu46e7w.jpg"},{"@type":"BreadcrumbList","@id":"https:\/\/gmfwakefield.ca\/#breadcrumb","itemListElement":[{"@type":"ListItem","position":1,"name":"Accueil","item":"https:\/\/gmfwakefield.ca\/"},{"@type":"ListItem","position":2,"name":"Accueil"}]},{"@type":"WebSite","@id":"https:\/\/gmfwakefield.ca\/fr\/#website","url":"https:\/\/gmfwakefield.ca\/fr\/","name":"gmfwakefield.ca","description":"GMF de wakefield","publisher":{"@id":"https:\/\/gmfwakefield.ca\/fr\/#organization"},"potentialAction":[{"@type":"SearchAction","target":{"@type":"EntryPoint","urlTemplate":"https:\/\/gmfwakefield.ca\/fr\/?s={search_term_string}"},"query-input":{"@type":"PropertyValueSpecification","valueRequired":true,"valueName":"search_term_string"}}],"inLanguage":"fr-CA"},{"@type":"Organization","@id":"https:\/\/gmfwakefield.ca\/fr\/#organization","name":"gmfwakefield.ca","url":"https:\/\/gmfwakefield.ca\/fr\/","logo":{"@type":"ImageObject","inLanguage":"fr-CA","@id":"https:\/\/gmfwakefield.ca\/fr\/#\/schema\/logo\/image\/","url":"https:\/\/gmfwakefield.ca\/wp-content\/uploads\/2025\/05\/Logo1.png","contentUrl":"https:\/\/gmfwakefield.ca\/wp-content\/uploads\/2025\/05\/Logo1.png","width":1024,"height":1024,"caption":"gmfwakefield.ca"},"image":{"@id":"https:\/\/gmfwakefield.ca\/fr\/#\/schema\/logo\/image\/"},"sameAs":["https:\/\/www.facebook.com\/profile.php?id=61572098099863"]}]}},"_links":{"self":[{"href":"https:\/\/gmfwakefield.ca\/fr\/wp-json\/wp\/v2\/pages\/384","targetHints":{"allow":["GET"]}}],"collection":[{"href":"https:\/\/gmfwakefield.ca\/fr\/wp-json\/wp\/v2\/pages"}],"about":[{"href":"https:\/\/gmfwakefield.ca\/fr\/wp-json\/wp\/v2\/types\/page"}],"author":[{"embeddable":true,"href":"https:\/\/gmfwakefield.ca\/fr\/wp-json\/wp\/v2\/users\/1"}],"replies":[{"embeddable":true,"href":"https:\/\/gmfwakefield.ca\/fr\/wp-json\/wp\/v2\/comments?post=384"}],"version-history":[{"count":67,"href":"https:\/\/gmfwakefield.ca\/fr\/wp-json\/wp\/v2\/pages\/384\/revisions"}],"predecessor-version":[{"id":1633,"href":"https:\/\/gmfwakefield.ca\/fr\/wp-json\/wp\/v2\/pages\/384\/revisions\/1633"}],"wp:attachment":[{"href":"https:\/\/gmfwakefield.ca\/fr\/wp-json\/wp\/v2\/media?parent=384"}],"curies":[{"name":"wp","href":"https:\/\/api.w.org\/{rel}","templated":true}]}}